{"id":37,"date":"2018-01-15T13:56:33","date_gmt":"2018-01-15T13:56:33","guid":{"rendered":"http:\/\/okulistika-solar.si\/wordpress\/?page_id=37"},"modified":"2018-11-16T12:26:54","modified_gmt":"2018-11-16T11:26:54","slug":"cakalne-dobe","status":"publish","type":"page","link":"http:\/\/okulistika-solar.si\/wordpress\/?page_id=37","title":{"rendered":"\u010cakalne dobe"},"content":{"rendered":"<p class=\"p1\"><span class=\"s1\">\u010cakalna doba za pregled z napotnico s stopnjo nujnosti redno je od 120 dni do 180 dni, s<\/span>topnja nujnosti zelo hitro in hitro od 90 do 120 dni.&nbsp;<\/p>\n<p class=\"p1\"><span class=\"s1\">O\u010dala (brez napotnice) minimalno 30 dni (v okviru prostih terminov), maksimalno 6 mesecev (po 196. \u010dlenu ZZZS pri pregledu ne potrebujete napotnice, za vse ostale te\u017eave pa je pregled mo\u017een le z veljavno napotnico.)<\/span><\/p>\n<p class=\"p1\"><span class=\"s1\">Napotnico za pregled vam izda va\u0161 osebni zdravnik ali zdravnik specialist (npr. diabetolog, nevrolog\u2026 )<\/span><\/p>\n<p class=\"p1\"><span class=\"s1\">&nbsp;<\/span><\/p>\n<p class=\"p1\"><span class=\"s1\"><b>Enostavnej\u0161i sistem naro\u010danja<\/b><\/span><\/p>\n<p class=\"p1\"><span class=\"s1\">Z namenom vzpostavitve u\u010dinkovitej\u0161ega naro\u010danja na zdravstvene storitve je bila v okviru nacionalnega projekta eZdravje izvedena informacijska re\u0161itev eNaro\u010danje.&nbsp;Elektronski sistem napotovanja in naro\u010danja pacientov s primarne na sekundarno in&nbsp;terciarno raven ali znotraj&nbsp; sekundarne in terciarne zdravstvene ravni prina\u0161a&nbsp;pacientom pregled nad vsemi izvajalci zdravstvene dejavnosti, mo\u017enost izbire&nbsp;najugodnej\u0161ega termina ter u\u010dinkovito obve\u0161\u010danje ob morebitnih spremembah&nbsp;termina.<\/span><\/p>\n<p class=\"p1\"><span class=\"s1\"><b>Elektronska namesto papirnate napotnice&nbsp;<\/b><\/span><\/p>\n<p class=\"p1\"><span class=\"s1\">Enostaven postopek eNaro\u010danja poteka preko izdane elektronske napotnice.&nbsp;eNapotnico izda zdravnik napotovalec na podlagi enakih pravil, ki veljajo za izdajo&nbsp;zelene napotnice na papirju. eNapotnico napotni zdravnik podpi\u0161e s svojim&nbsp;digitalnim potrdilom.<\/span><\/p>\n<p class=\"p1\"><span class=\"s1\"><b>Preko portala ali s pomo\u010djo zdravnika<\/b><\/span><\/p>\n<p class=\"p1\"><span class=\"s1\">Takoj po izdaji napotnice lahko zdravnik (ali medicinska sestra) \u017ee naro\u010di pacienta na napoteno zdravstveno storitev. Sistem eNaro\u010danje ponudi seznam vseh ustanov, ki opravljajo storitev, in informacijo o prvem prostem terminu. Izbor \u017eelene regije, ustanove in \u017eelje glede termina&nbsp; zdravnik uskladi v posvetu s pacientom in ga z naslednjim klikom \u017ee naro\u010di v izbrano ustanovo. V okviru projekta eZdravje pa bo vzpostavljen tudi spletni portal zVem, ki bo dr\u017eavljanom omogo\u010dal dostop do eNaro\u010danja. Preko portala se bo pacient lahko od doma naro\u010dil sam na&nbsp;podlagi \u0161tevilke eNapotnice in \u0161tevilke zdravstvenega zavarovanja ali z digitalnim potrdilom, s katerim bo lahko tudi pregledoval seznam vseh svojih eNapotnic in z njimi upravljal. Sistem bo lahko pacienta nekaj dni pred terminom avtomatsko opomnil na predvideni termin zdravstvene storitve. Pacienti se bodo tudi po uvedbi eNaro\u010danja lahko \u0161e vedno naro\u010dili tudi osebno, preko elektronske po\u0161te ali preko telefona.<\/span><\/p>\n<p>&nbsp;<\/p>\n","protected":false},"excerpt":{"rendered":"<p> [&hellip;]<\/p>\n","protected":false},"author":1,"featured_media":0,"parent":0,"menu_order":2,"comment_status":"closed","ping_status":"closed","template":"page-templates\/page_fullwidth.php","meta":{"footnotes":""},"class_list":["post-37","page","type-page","status-publish","hentry","clearfix"],"_links":{"self":[{"href":"http:\/\/okulistika-solar.si\/wordpress\/index.php?rest_route=\/wp\/v2\/pages\/37","targetHints":{"allow":["GET"]}}],"collection":[{"href":"http:\/\/okulistika-solar.si\/wordpress\/index.php?rest_route=\/wp\/v2\/pages"}],"about":[{"href":"http:\/\/okulistika-solar.si\/wordpress\/index.php?rest_route=\/wp\/v2\/types\/page"}],"author":[{"embeddable":true,"href":"http:\/\/okulistika-solar.si\/wordpress\/index.php?rest_route=\/wp\/v2\/users\/1"}],"replies":[{"embeddable":true,"href":"http:\/\/okulistika-solar.si\/wordpress\/index.php?rest_route=%2Fwp%2Fv2%2Fcomments&post=37"}],"version-history":[{"count":6,"href":"http:\/\/okulistika-solar.si\/wordpress\/index.php?rest_route=\/wp\/v2\/pages\/37\/revisions"}],"predecessor-version":[{"id":150,"href":"http:\/\/okulistika-solar.si\/wordpress\/index.php?rest_route=\/wp\/v2\/pages\/37\/revisions\/150"}],"wp:attachment":[{"href":"http:\/\/okulistika-solar.si\/wordpress\/index.php?rest_route=%2Fwp%2Fv2%2Fmedia&parent=37"}],"curies":[{"name":"wp","href":"https:\/\/api.w.org\/{rel}","templated":true}]}}