{"id":33,"date":"2018-01-15T13:39:59","date_gmt":"2018-01-15T13:39:59","guid":{"rendered":"http:\/\/okulistika-solar.si\/wordpress\/?page_id=33"},"modified":"2025-01-09T08:14:12","modified_gmt":"2025-01-09T07:14:12","slug":"delovni-cas","status":"publish","type":"page","link":"http:\/\/okulistika-solar.si\/wordpress\/?page_id=33","title":{"rendered":"Delovni \u010das"},"content":{"rendered":"<p>&nbsp;<\/p>\n<p>&nbsp;<\/p>\n<p><strong>Delovni \u010das ambulante za potrebe ZZZS<\/strong><\/p>\n<p>&nbsp;<\/p>\n<p>Ponedeljek: od 6:30 do 14:30<\/p>\n<p>Torek: od 6:30 do 14:30<\/p>\n<p>Sreda: od 6:30 do 14:30<\/p>\n<p>\u010cetrtek: od 6:30 do 14:30<\/p>\n<p>Sprejemamo samo naro\u010dene paciente.<\/p>\n<p>Prvo in zadnjo uro ordinacijskega \u010dasa, ambulanta ne sprejema novih pacientov in opravlja samo administrativna dela.<\/p>\n<p>Okulistika \u0160olar ima sklenjeno pogodbo z O\u010desno ambulanto Optike Optimist za opravljanje okulisti\u010dnih pregledov.<\/p>\n<p>&nbsp;<\/p>\n<p>&nbsp;<\/p>\n<p>&nbsp;<\/p>\n<p>&nbsp;<\/p>\n<p>&nbsp;<\/p>\n<p>&nbsp;<\/p>\n<p>&nbsp;<\/p>\n<p>&nbsp;<\/p>\n<p>&nbsp;<\/p>\n<p>&nbsp;<\/p>\n","protected":false},"excerpt":{"rendered":"<p> [&hellip;]<\/p>\n","protected":false},"author":1,"featured_media":0,"parent":0,"menu_order":1,"comment_status":"closed","ping_status":"closed","template":"page-templates\/page_fullwidth.php","meta":{"footnotes":""},"class_list":["post-33","page","type-page","status-publish","hentry","clearfix"],"_links":{"self":[{"href":"http:\/\/okulistika-solar.si\/wordpress\/index.php?rest_route=\/wp\/v2\/pages\/33","targetHints":{"allow":["GET"]}}],"collection":[{"href":"http:\/\/okulistika-solar.si\/wordpress\/index.php?rest_route=\/wp\/v2\/pages"}],"about":[{"href":"http:\/\/okulistika-solar.si\/wordpress\/index.php?rest_route=\/wp\/v2\/types\/page"}],"author":[{"embeddable":true,"href":"http:\/\/okulistika-solar.si\/wordpress\/index.php?rest_route=\/wp\/v2\/users\/1"}],"replies":[{"embeddable":true,"href":"http:\/\/okulistika-solar.si\/wordpress\/index.php?rest_route=%2Fwp%2Fv2%2Fcomments&post=33"}],"version-history":[{"count":19,"href":"http:\/\/okulistika-solar.si\/wordpress\/index.php?rest_route=\/wp\/v2\/pages\/33\/revisions"}],"predecessor-version":[{"id":1318,"href":"http:\/\/okulistika-solar.si\/wordpress\/index.php?rest_route=\/wp\/v2\/pages\/33\/revisions\/1318"}],"wp:attachment":[{"href":"http:\/\/okulistika-solar.si\/wordpress\/index.php?rest_route=%2Fwp%2Fv2%2Fmedia&parent=33"}],"curies":[{"name":"wp","href":"https:\/\/api.w.org\/{rel}","templated":true}]}}